{"id":8,"date":"2019-04-19T13:55:08","date_gmt":"2019-04-19T13:55:08","guid":{"rendered":"http:\/\/sagittaire-editions.fr\/?post_type=product&#038;p=8"},"modified":"2019-04-19T14:12:12","modified_gmt":"2019-04-19T14:12:12","slug":"journal-dun-jeune-revolutionnaire","status":"publish","type":"product","link":"https:\/\/sagittaire-editions.fr\/?product=journal-dun-jeune-revolutionnaire","title":{"rendered":"Journal d&rsquo;un jeune r\u00e9volutionnaire"},"content":{"rendered":"<p><span style=\"display: inline !important; float: none; background-color: transparent; color: #333333; font-family: 'Muli','Arial',sans-serif; font-size: 14px; font-style: normal; font-variant: normal; font-weight: 400; letter-spacing: normal; orphans: 2; text-align: left; text-decoration: none; text-indent: 0px; text-transform: none; -webkit-text-stroke-width: 0px; white-space: normal; word-spacing: 0px;\">Victor Riglet<\/span><\/p>\n<p><span style=\"display: inline !important; float: none; background-color: transparent; color: #333333; font-family: 'Muli','Arial',sans-serif; font-size: 14px; font-style: normal; font-variant: normal; font-weight: 400; letter-spacing: normal; orphans: 2; text-align: left; text-decoration: none; text-indent: 0px; text-transform: none; -webkit-text-stroke-width: 0px; white-space: normal; word-spacing: 0px;\"> Paris, du 22\u00a0f\u00e9vrier au 22 mai 1848, Journal d&rsquo;un jeune r\u00e9volutionnaire<\/span><\/p>\n<p><span style=\"display: inline !important; float: none; background-color: transparent; color: #333333; font-family: 'Muli','Arial',sans-serif; font-size: 14px; font-style: normal; font-variant: normal; font-weight: 400; letter-spacing: normal; orphans: 2; text-align: left; text-decoration: none; text-indent: 0px; text-transform: none; -webkit-text-stroke-width: 0px; white-space: normal; word-spacing: 0px;\"> \u00ab\u00a0C&rsquo;est \u00e9tonnant, c&rsquo;est d\u00e9montant, c&rsquo;est \u00e0 ne pas y croire tout en voyant, que sera-ce alors pour ceux qui n&rsquo;auront pas vu\u00a0?\u00a0\u00bb \u00ab\u00a0Partons examinons, regagnons la rue Rambuteau. On est aux barricades, des diligences renvers\u00e9es, d&rsquo;autres voitures, on d\u00e9pave, il y a des gens comme il faut, ce qui nous frappe d&rsquo;avantage c&rsquo;est l&rsquo;ordre et l&rsquo;\u00e9nergie de ces travailleurs volontaires, on dirait que leur pain est au bout, c&rsquo;est plus que leur pain, c&rsquo;est l&rsquo;honneur de ce peuple fran\u00e7ais sali par le gouvernement et puis assassin\u00e9\u00a0\u00bb<\/span><\/p>\n<p><span style=\"display: inline !important; float: none; background-color: transparent; color: #333333; font-family: 'Muli','Arial',sans-serif; font-size: 14px; font-style: normal; font-variant: normal; font-weight: 400; letter-spacing: normal; orphans: 2; text-align: left; text-decoration: none; text-indent: 0px; text-transform: none; -webkit-text-stroke-width: 0px; white-space: normal; word-spacing: 0px;\"> Pour la premi\u00e8re fois, on suit la R\u00e9volution de 1848 heure par heure, \u00e0 travers le Journal d&rsquo;un \u00e9tudiant qui sera garde national. Il d\u00e9crit les journ\u00e9es de f\u00e9vrier, le suffrage universel, les clubs et les \u00e9lections, les f\u00eates et les c\u00e9r\u00e9monies, ses doutes, ses enthousiasmes, ses perplexit\u00e9s&#8230; et H\u00e9l\u00e8ne. La publication de cet important document in\u00e9dit offre aux historiens une source nouvelle, \u00e0 ce jour sans \u00e9quivalent connu\u00a0: le souffle permanent des contestations r\u00e9publicaines, d&rsquo;hier comme d&rsquo;aujourd&rsquo;hui, emporte le lecteur.<\/span><\/p>\n<p><span style=\"display: inline !important; float: none; background-color: transparent; color: #333333; font-family: 'Muli','Arial',sans-serif; font-size: 14px; font-style: normal; font-variant: normal; font-weight: 400; letter-spacing: normal; orphans: 2; text-align: left; text-decoration: none; text-indent: 0px; text-transform: none; -webkit-text-stroke-width: 0px; white-space: normal; word-spacing: 0px;\"> \u00ab\u00a0Songez-y bien, qui dit R\u00e9publique ne dit pas brouet noir et monnaie de fer, surtout quand il s&rsquo;agit de notre belle France, songez-y bien, qui dit R\u00e9publique ne dit pas guerre \u00e0 tous, surtout quand elle ouvre son \u00e8re par le Manifeste de Lamartine, songez-y bien encore et songez-y beaucoup, qui dit R\u00e9publique ne dit pas mort \u00e0 la Religion, quand pendant les 3\u00a0jours, le Pr\u00eatre, le Pasteur et le Rabbin ont circul\u00e9 partout dans leur costume sans une insulte et sans un mot, sans un seul mot blessant, enfin et pour conclure, R\u00e9publique ne dit pas pillage quand, au milieu des richesses parisiennes, pas une boutique n&rsquo;a \u00e9t\u00e9 pill\u00e9e.\u00a0\u00bb<\/span><\/p>\n<p>Victor RIGLET, <em>Paris du 22<\/em> <em>f\u00e9vrier au 22<\/em> <em>mai 1848. Journal d\u2019un jeune r\u00e9volutionnaire<\/em>, pr\u00e9sentation de Denis Feignier, Wimereux, \u00c9ditions du Sagittaire, 2017, 317\u202fp., 20\u202f\u20ac. Pr\u00e9face de Jean Tulard.<\/p>\n<p>&nbsp;<\/p>\n<p>A lire, <a href=\"https:\/\/journals.openedition.org\/rh19\/6214\">l&rsquo;article d&rsquo;Alexandre Frondizi, dans la <em>Revue d&rsquo;Histoire du XIXe si\u00e8cle<\/em><\/a><\/p>\n<p>&nbsp;<\/p>\n<p><span style=\"display: inline !important; float: none; background-color: transparent; color: #333333; cursor: text; font-family: Georgia,'Times New Roman','Bitstream Charter',Times,serif; font-size: 16px; font-style: normal; font-variant: normal; font-weight: 400; letter-spacing: normal; orphans: 2; text-align: left; text-decoration: none; text-indent: 0px; text-transform: none; -webkit-text-stroke-width: 0px; white-space: normal; word-spacing: 0px;\">Ce livre a fait l&rsquo;objet d&rsquo;une <\/span><a href=\"http:\/\/www.levieuxbalancier.com\/spectacles\/1848-journal-dun-jeune-revolutionnaire\/\">adaptation th\u00e9\u00e2trale<\/a><span style=\"display: inline !important; float: none; background-color: transparent; color: #333333; cursor: text; font-family: Georgia,'Times New Roman','Bitstream Charter',Times,serif; font-size: 16px; font-style: normal; font-variant: normal; font-weight: 400; letter-spacing: normal; orphans: 2; text-align: left; text-decoration: none; text-indent: 0px; text-transform: none; -webkit-text-stroke-width: 0px; white-space: normal; word-spacing: 0px;\"> par la <\/span><a href=\"http:\/\/compagnie.onimagine.fr\/\">Compagnie Onimagine<\/a><span style=\"display: inline !important; float: none; background-color: transparent; color: #333333; cursor: text; font-family: Georgia,'Times New Roman','Bitstream Charter',Times,serif; font-size: 16px; font-style: normal; font-variant: normal; font-weight: 400; letter-spacing: normal; orphans: 2; text-align: left; text-decoration: none; text-indent: 0px; text-transform: none; -webkit-text-stroke-width: 0px; white-space: normal; word-spacing: 0px;\">. Toujours disponible \u00e0 la diffusion.<\/span><\/p>\n","protected":false},"excerpt":{"rendered":"<p>Victor Riglet Paris, du 22\u00a0f\u00e9vrier au 22 mai 1848, Journal d&rsquo;un jeune r\u00e9volutionnaire \u00ab\u00a0C&rsquo;est \u00e9tonnant, c&rsquo;est d\u00e9montant, c&rsquo;est \u00e0 ne pas y croire tout en voyant, que sera-ce alors pour ceux qui n&rsquo;auront pas vu\u00a0?\u00a0\u00bb \u00ab\u00a0Partons examinons, regagnons la rue Rambuteau. On est aux barricades, des diligences renvers\u00e9es, d&rsquo;autres voitures, on d\u00e9pave, il y a [&hellip;]<\/p>\n","protected":false},"featured_media":13,"comment_status":"open","ping_status":"closed","template":"","meta":{"spay_email":""},"class_list":{"0":"post-8","1":"product","2":"type-product","3":"status-publish","4":"has-post-thumbnail","6":"product_cat-collection-histoire","8":"first","9":"instock","10":"shipping-taxable","11":"purchasable","12":"product-type-simple"},"_links":{"self":[{"href":"https:\/\/sagittaire-editions.fr\/index.php?rest_route=\/wp\/v2\/product\/8","targetHints":{"allow":["GET"]}}],"collection":[{"href":"https:\/\/sagittaire-editions.fr\/index.php?rest_route=\/wp\/v2\/product"}],"about":[{"href":"https:\/\/sagittaire-editions.fr\/index.php?rest_route=\/wp\/v2\/types\/product"}],"replies":[{"embeddable":true,"href":"https:\/\/sagittaire-editions.fr\/index.php?rest_route=%2Fwp%2Fv2%2Fcomments&post=8"}],"wp:featuredmedia":[{"embeddable":true,"href":"https:\/\/sagittaire-editions.fr\/index.php?rest_route=\/wp\/v2\/media\/13"}],"wp:attachment":[{"href":"https:\/\/sagittaire-editions.fr\/index.php?rest_route=%2Fwp%2Fv2%2Fmedia&parent=8"}],"curies":[{"name":"wp","href":"https:\/\/api.w.org\/{rel}","templated":true}]}}