{"id":113,"date":"2023-06-08T09:59:17","date_gmt":"2023-06-08T09:59:17","guid":{"rendered":"http:\/\/sagittaire-editions.fr\/?post_type=product&#038;p=113"},"modified":"2023-06-08T10:24:25","modified_gmt":"2023-06-08T10:24:25","slug":"revue-du-prix-sainte-beuve-2023","status":"publish","type":"product","link":"https:\/\/sagittaire-editions.fr\/?product=revue-du-prix-sainte-beuve-2023","title":{"rendered":"Revue du Prix Sainte-Beuve &#8211; 2023"},"content":{"rendered":"<p>Revue du Prix Sainte-Beuve des Coll\u00e9giens et des Apprentis 2023<\/p>\n<p>Les textes des \u00e9l\u00e8ves laur\u00e9ats de l&rsquo;ann\u00e9e 2023.<\/p>\n<p>Une interview exclusive de Charlotte Bousquet, s\u00e9lectionn\u00e9e en 2023 dans le Prix.<\/p>\n<p>1 exemplaire.<\/p>\n<p>Des marque-pages litt\u00e9rature jeunesse offerts.<\/p>\n<p>(Documentalistes et biblioth\u00e9caires : signalez votre profession, on vous donnera davantage de marque-pages pour vos lecteurs !)<\/p>\n<p>&nbsp;<\/p>\n","protected":false},"excerpt":{"rendered":"<p><img loading=\"lazy\" decoding=\"async\" class=\"alignnone size-medium wp-image-115\" src=\"http:\/\/sagittaire-editions.fr\/wp-content\/uploads\/2023\/06\/REVUE23-211x300.jpg\" alt=\"\" width=\"211\" height=\"300\" srcset=\"https:\/\/sagittaire-editions.fr\/wp-content\/uploads\/2023\/06\/REVUE23-211x300.jpg 211w, https:\/\/sagittaire-editions.fr\/wp-content\/uploads\/2023\/06\/REVUE23-722x1024.jpg 722w, https:\/\/sagittaire-editions.fr\/wp-content\/uploads\/2023\/06\/REVUE23-768x1090.jpg 768w, https:\/\/sagittaire-editions.fr\/wp-content\/uploads\/2023\/06\/REVUE23-600x851.jpg 600w, https:\/\/sagittaire-editions.fr\/wp-content\/uploads\/2023\/06\/REVUE23.jpg 874w\" sizes=\"auto, (max-width: 211px) 100vw, 211px\" \/><\/p>\n","protected":false},"featured_media":115,"comment_status":"open","ping_status":"closed","template":"","meta":{"spay_email":""},"class_list":{"0":"post-113","1":"product","2":"type-product","3":"status-publish","4":"has-post-thumbnail","6":"product_cat-revue-du-prix-sainte-beuve","7":"product_shipping_class-hors-commerce","9":"first","10":"instock","11":"shipping-taxable","12":"purchasable","13":"product-type-simple"},"_links":{"self":[{"href":"https:\/\/sagittaire-editions.fr\/index.php?rest_route=\/wp\/v2\/product\/113","targetHints":{"allow":["GET"]}}],"collection":[{"href":"https:\/\/sagittaire-editions.fr\/index.php?rest_route=\/wp\/v2\/product"}],"about":[{"href":"https:\/\/sagittaire-editions.fr\/index.php?rest_route=\/wp\/v2\/types\/product"}],"replies":[{"embeddable":true,"href":"https:\/\/sagittaire-editions.fr\/index.php?rest_route=%2Fwp%2Fv2%2Fcomments&post=113"}],"wp:featuredmedia":[{"embeddable":true,"href":"https:\/\/sagittaire-editions.fr\/index.php?rest_route=\/wp\/v2\/media\/115"}],"wp:attachment":[{"href":"https:\/\/sagittaire-editions.fr\/index.php?rest_route=%2Fwp%2Fv2%2Fmedia&parent=113"}],"curies":[{"name":"wp","href":"https:\/\/api.w.org\/{rel}","templated":true}]}}