{"id":4,"date":"2019-04-19T13:35:49","date_gmt":"2019-04-19T13:35:49","guid":{"rendered":"http:\/\/sagittaire-editions.fr\/bienvenue-sur-http-sagittaire-editions-fr"},"modified":"2025-01-07T14:18:02","modified_gmt":"2025-01-07T14:18:02","slug":"bienvenue-sur-http-sagittaire-editions-fr","status":"publish","type":"page","link":"https:\/\/sagittaire-editions.fr\/","title":{"rendered":"Bienvenue sur le site des Editions du sagittaire"},"content":{"rendered":"\n<p>Les Editions du Sagittaire, maison associative sans autre but que sa passion du livre, a encore eu des soucis d&rsquo;internet&#8230;<\/p>\n\n\n\n<p>Le pr\u00e9c\u00e9dent site a disparu, apr\u00e8s avoir eu une courte existence d&rsquo;une ann\u00e9e \u00e0 peine&#8230;<\/p>\n\n\n\n<p>Le Sagittaire publie en fonction des projets, selon son rythme et ses finances.<\/p>\n\n\n\n<p>Les projets en cours sont sur <a href=\"http:\/\/sagittaire-editions.fr\/?page_id=70\">la page d&rsquo;actualit\u00e9s<\/a>.<\/p>\n\n\n\n<p>A tr\u00e8s bient\u00f4t !<\/p>\n","protected":false},"excerpt":{"rendered":"<p>Les Editions du Sagittaire, maison associative sans autre but que sa passion du livre, a encore eu des soucis d&rsquo;internet&#8230; Le pr\u00e9c\u00e9dent site a disparu, apr\u00e8s avoir eu une courte existence d&rsquo;une ann\u00e9e \u00e0 peine&#8230; Le Sagittaire publie en fonction des projets, selon son rythme et ses finances. Les projets en cours sont sur la [&hellip;]<\/p>\n","protected":false},"author":1,"featured_media":0,"parent":9,"menu_order":0,"comment_status":"closed","ping_status":"open","template":"","meta":{"spay_email":"","footnotes":""},"class_list":["post-4","page","type-page","status-publish","hentry"],"_links":{"self":[{"href":"https:\/\/sagittaire-editions.fr\/index.php?rest_route=\/wp\/v2\/pages\/4","targetHints":{"allow":["GET"]}}],"collection":[{"href":"https:\/\/sagittaire-editions.fr\/index.php?rest_route=\/wp\/v2\/pages"}],"about":[{"href":"https:\/\/sagittaire-editions.fr\/index.php?rest_route=\/wp\/v2\/types\/page"}],"author":[{"embeddable":true,"href":"https:\/\/sagittaire-editions.fr\/index.php?rest_route=\/wp\/v2\/users\/1"}],"replies":[{"embeddable":true,"href":"https:\/\/sagittaire-editions.fr\/index.php?rest_route=%2Fwp%2Fv2%2Fcomments&post=4"}],"version-history":[{"count":7,"href":"https:\/\/sagittaire-editions.fr\/index.php?rest_route=\/wp\/v2\/pages\/4\/revisions"}],"predecessor-version":[{"id":134,"href":"https:\/\/sagittaire-editions.fr\/index.php?rest_route=\/wp\/v2\/pages\/4\/revisions\/134"}],"up":[{"embeddable":true,"href":"https:\/\/sagittaire-editions.fr\/index.php?rest_route=\/wp\/v2\/pages\/9"}],"wp:attachment":[{"href":"https:\/\/sagittaire-editions.fr\/index.php?rest_route=%2Fwp%2Fv2%2Fmedia&parent=4"}],"curies":[{"name":"wp","href":"https:\/\/api.w.org\/{rel}","templated":true}]}}