{"id":42,"date":"2021-01-08T17:55:45","date_gmt":"2021-01-08T17:55:45","guid":{"rendered":"http:\/\/sagittaire-editions.fr\/?post_type=product&#038;p=42"},"modified":"2022-04-13T12:12:53","modified_gmt":"2022-04-13T12:12:53","slug":"revue-du-prix-sainte-beuve-des-collegiens-et-des-apprentis-2021","status":"publish","type":"product","link":"http:\/\/sagittaire-editions.fr\/?product=revue-du-prix-sainte-beuve-des-collegiens-et-des-apprentis-2021","title":{"rendered":"Revue du Prix Sainte-Beuve des Coll\u00e9giens et des Apprentis 2021"},"content":{"rendered":"<p>Revue du Prix Sainte-Beuve des Coll\u00e9giens et des Apprentis 2021<\/p>\n<p>Les textes des \u00e9l\u00e8ves laur\u00e9ats de l&rsquo;ann\u00e9e 2016 et de l&rsquo;ann\u00e9e 2021.<\/p>\n<p>Une interview exclusive de B\u00e9atrice Nicod\u00e8me, s\u00e9lectionn\u00e9e en 2013, 2018 et 2020 dans le Prix.<\/p>\n<p>Une interview exclusive de Claire Mazard, s\u00e9lectionn\u00e9e en 2019 et 2021 dans le Prix. Laur\u00e9ate 2021 avec <em>Je te plumerai la t\u00eate<\/em> (Syros).<\/p>\n<p>&nbsp;<\/p>\n<p>1 exemplaire.<\/p>\n<p>Des marque-pages litt\u00e9rature jeunesse offerts.<\/p>\n<p>(Documentalistes et biblioth\u00e9caires : signalez votre profession, on vous donnera davantage de marque-pages pour vos lecteurs !)<\/p>\n","protected":false},"excerpt":{"rendered":"<p>L&rsquo;actualit\u00e9 \u00e0 chaud du Prix Sainte-Beuve des Coll\u00e9giens et des Apprentis, de l&rsquo;Association \u00e7\u00e0 &amp; l\u00e0 soutenue par le Conseil D\u00e9partemental du Pas-de-Calais. 20 critique d&rsquo;adolescents sur 20 romans jeunesse actuels.<\/p>\n","protected":false},"featured_media":86,"comment_status":"open","ping_status":"closed","template":"","meta":{"spay_email":""},"class_list":{"0":"post-42","1":"product","2":"type-product","3":"status-publish","4":"has-post-thumbnail","6":"product_cat-revue-du-prix-sainte-beuve","7":"product_shipping_class-hors-commerce","9":"first","10":"instock","11":"shipping-taxable","12":"purchasable","13":"product-type-simple"},"_links":{"self":[{"href":"http:\/\/sagittaire-editions.fr\/index.php?rest_route=\/wp\/v2\/product\/42","targetHints":{"allow":["GET"]}}],"collection":[{"href":"http:\/\/sagittaire-editions.fr\/index.php?rest_route=\/wp\/v2\/product"}],"about":[{"href":"http:\/\/sagittaire-editions.fr\/index.php?rest_route=\/wp\/v2\/types\/product"}],"replies":[{"embeddable":true,"href":"http:\/\/sagittaire-editions.fr\/index.php?rest_route=%2Fwp%2Fv2%2Fcomments&post=42"}],"wp:featuredmedia":[{"embeddable":true,"href":"http:\/\/sagittaire-editions.fr\/index.php?rest_route=\/wp\/v2\/media\/86"}],"wp:attachment":[{"href":"http:\/\/sagittaire-editions.fr\/index.php?rest_route=%2Fwp%2Fv2%2Fmedia&parent=42"}],"curies":[{"name":"wp","href":"https:\/\/api.w.org\/{rel}","templated":true}]}}