{"id":149,"date":"2025-11-06T17:09:30","date_gmt":"2025-11-06T17:09:30","guid":{"rendered":"http:\/\/sagittaire-editions.fr\/?post_type=product&#038;p=149"},"modified":"2025-11-06T17:15:48","modified_gmt":"2025-11-06T17:15:48","slug":"toxic-espoir","status":"publish","type":"product","link":"http:\/\/sagittaire-editions.fr\/?product=toxic-espoir","title":{"rendered":"Toxic espoir"},"content":{"rendered":"<p><em><img loading=\"lazy\" decoding=\"async\" class=\"alignnone size-medium wp-image-150\" src=\"http:\/\/sagittaire-editions.fr\/wp-content\/uploads\/2025\/11\/TOXIC_2025_COUV_1-210x300.jpg\" alt=\"\" width=\"210\" height=\"300\" srcset=\"http:\/\/sagittaire-editions.fr\/wp-content\/uploads\/2025\/11\/TOXIC_2025_COUV_1-210x300.jpg 210w, http:\/\/sagittaire-editions.fr\/wp-content\/uploads\/2025\/11\/TOXIC_2025_COUV_1-600x857.jpg 600w, http:\/\/sagittaire-editions.fr\/wp-content\/uploads\/2025\/11\/TOXIC_2025_COUV_1.jpg 609w\" sizes=\"auto, (max-width: 210px) 100vw, 210px\" \/><\/em><\/p>\n","protected":false},"excerpt":{"rendered":"<p><em>Toxic<\/em> Espoir est un projet photographique con\u00e7u pour explorer l\u2019ambivalence entre la toxicit\u00e9 et l\u2019espoir que suscite notre monde actuel. Le terme toxic \u00e9voque imm\u00e9diatement le pictogramme en forme de t\u00eate de mort, signalant un danger mortel. Ce symbole alerte sur la menace due \u00e0 la soci\u00e9t\u00e9 moderne. Il est le reflet de dangers invisibles, environnementaux, sociaux ou psychologiques. En utilisant l\u2019adjectif <em>toxic<\/em> en anglais, j\u2019ai tenu \u00e0 rappeler que le danger n\u2019a pas de langue et qu\u2019il doit \u00eatre per\u00e7u par tous. En parall\u00e8le, la t\u00eate de mort du pictogramme n\u2019est pas sans rappeler son antith\u00e8se, le masque \u00e0 gaz, qui prot\u00e8ge tout en d\u00e9shumanisant. La protection est elle-m\u00eame porteuse d\u2019espoir. L\u2019espoir est directement li\u00e9 \u00e0 la langue maternelle, \u00e0 la culture, \u00e0 la personnalit\u00e9, \u00e0 l\u2019intimit\u00e9. Malgr\u00e9 les d\u00e9fis et les dangers, il faut d\u00e9passer cet anonymat d\u00fb au masque, se retrouver soi-m\u00eame avec les autres pour atteindre une possibilit\u00e9 de nous sauver et de cr\u00e9er un avenir meilleur. Derri\u00e8re nos masques, qu\u2019ils soient litt\u00e9raux ou m\u00e9taphoriques, nous partageons tous ces pr\u00e9occupations. <em>Toxic<\/em> Espoir invite chaque spectateur \u00e0 r\u00e9fl\u00e9chir sur la dualit\u00e9 entre le danger et l\u2019espoir, et sur notre capacit\u00e9 collective \u00e0 faire face aux d\u00e9fis actuels. <em>Toxic<\/em> Espoir est d\u2019abord une exposition d\u2019une centaine de compositions.<\/p>\n","protected":false},"featured_media":150,"comment_status":"open","ping_status":"closed","template":"","meta":{"spay_email":""},"class_list":{"0":"post-149","1":"product","2":"type-product","3":"status-publish","4":"has-post-thumbnail","6":"product_cat-non-classe","7":"product_shipping_class-livraison","9":"first","10":"instock","11":"shipping-taxable","12":"purchasable","13":"product-type-simple"},"_links":{"self":[{"href":"http:\/\/sagittaire-editions.fr\/index.php?rest_route=\/wp\/v2\/product\/149","targetHints":{"allow":["GET"]}}],"collection":[{"href":"http:\/\/sagittaire-editions.fr\/index.php?rest_route=\/wp\/v2\/product"}],"about":[{"href":"http:\/\/sagittaire-editions.fr\/index.php?rest_route=\/wp\/v2\/types\/product"}],"replies":[{"embeddable":true,"href":"http:\/\/sagittaire-editions.fr\/index.php?rest_route=%2Fwp%2Fv2%2Fcomments&post=149"}],"wp:featuredmedia":[{"embeddable":true,"href":"http:\/\/sagittaire-editions.fr\/index.php?rest_route=\/wp\/v2\/media\/150"}],"wp:attachment":[{"href":"http:\/\/sagittaire-editions.fr\/index.php?rest_route=%2Fwp%2Fv2%2Fmedia&parent=149"}],"curies":[{"name":"wp","href":"https:\/\/api.w.org\/{rel}","templated":true}]}}