{"id":145,"date":"2025-10-04T15:24:00","date_gmt":"2025-10-04T15:24:00","guid":{"rendered":"http:\/\/sagittaire-editions.fr\/?post_type=product&#038;p=145"},"modified":"2025-10-04T16:04:50","modified_gmt":"2025-10-04T16:04:50","slug":"revue-du-prix-sainte-beuve-2025","status":"publish","type":"product","link":"http:\/\/sagittaire-editions.fr\/?product=revue-du-prix-sainte-beuve-2025","title":{"rendered":"Revue du Prix Sainte-Beuve &#8211; 2025"},"content":{"rendered":"<p>Revue du Prix Sainte-Beuve des Coll\u00e9giens et des Apprentis 2025<\/p>\n<p>Les textes des \u00e9l\u00e8ves laur\u00e9ats de l&rsquo;ann\u00e9e 2025.<\/p>\n<p>1 exemplaire.<\/p>\n<p>Des marque-pages litt\u00e9rature jeunesse offerts.<\/p>\n<p>(Documentalistes et biblioth\u00e9caires : signalez votre profession, on vous donnera davantage de marque-pages pour vos lecteurs !)<\/p>\n","protected":false},"excerpt":{"rendered":"<p><img loading=\"lazy\" decoding=\"async\" class=\"alignnone size-medium wp-image-144\" src=\"http:\/\/sagittaire-editions.fr\/wp-content\/uploads\/2024\/10\/revue_PSB_2025_MaquetteEnCours-1-211x300.png\" alt=\"\" width=\"211\" height=\"300\" srcset=\"http:\/\/sagittaire-editions.fr\/wp-content\/uploads\/2024\/10\/revue_PSB_2025_MaquetteEnCours-1-211x300.png 211w, http:\/\/sagittaire-editions.fr\/wp-content\/uploads\/2024\/10\/revue_PSB_2025_MaquetteEnCours-1-721x1024.png 721w, http:\/\/sagittaire-editions.fr\/wp-content\/uploads\/2024\/10\/revue_PSB_2025_MaquetteEnCours-1-768x1091.png 768w, http:\/\/sagittaire-editions.fr\/wp-content\/uploads\/2024\/10\/revue_PSB_2025_MaquetteEnCours-1-1081x1536.png 1081w, http:\/\/sagittaire-editions.fr\/wp-content\/uploads\/2024\/10\/revue_PSB_2025_MaquetteEnCours-1-1442x2048.png 1442w, http:\/\/sagittaire-editions.fr\/wp-content\/uploads\/2024\/10\/revue_PSB_2025_MaquetteEnCours-1-600x852.png 600w, http:\/\/sagittaire-editions.fr\/wp-content\/uploads\/2024\/10\/revue_PSB_2025_MaquetteEnCours-1.png 1639w\" sizes=\"auto, (max-width: 211px) 100vw, 211px\" \/><\/p>\n","protected":false},"featured_media":144,"comment_status":"open","ping_status":"closed","template":"","meta":{"spay_email":""},"class_list":{"0":"post-145","1":"product","2":"type-product","3":"status-publish","4":"has-post-thumbnail","6":"product_cat-non-classe","8":"first","9":"instock","10":"shipping-taxable","11":"purchasable","12":"product-type-simple"},"_links":{"self":[{"href":"http:\/\/sagittaire-editions.fr\/index.php?rest_route=\/wp\/v2\/product\/145","targetHints":{"allow":["GET"]}}],"collection":[{"href":"http:\/\/sagittaire-editions.fr\/index.php?rest_route=\/wp\/v2\/product"}],"about":[{"href":"http:\/\/sagittaire-editions.fr\/index.php?rest_route=\/wp\/v2\/types\/product"}],"replies":[{"embeddable":true,"href":"http:\/\/sagittaire-editions.fr\/index.php?rest_route=%2Fwp%2Fv2%2Fcomments&post=145"}],"wp:featuredmedia":[{"embeddable":true,"href":"http:\/\/sagittaire-editions.fr\/index.php?rest_route=\/wp\/v2\/media\/144"}],"wp:attachment":[{"href":"http:\/\/sagittaire-editions.fr\/index.php?rest_route=%2Fwp%2Fv2%2Fmedia&parent=145"}],"curies":[{"name":"wp","href":"https:\/\/api.w.org\/{rel}","templated":true}]}}