{"id":128,"date":"2024-10-20T09:58:06","date_gmt":"2024-10-20T09:58:06","guid":{"rendered":"http:\/\/sagittaire-editions.fr\/?post_type=product&#038;p=128"},"modified":"2025-10-04T15:21:50","modified_gmt":"2025-10-04T15:21:50","slug":"collection-revue-du-prix-sainte-beuve","status":"publish","type":"product","link":"http:\/\/sagittaire-editions.fr\/?product=collection-revue-du-prix-sainte-beuve","title":{"rendered":"Collection Revue du Prix Sainte-Beuve"},"content":{"rendered":"<p>Toutes les revues en un seul clic et un seul envoi ! Dix ann\u00e9es de Prix Sainte-Beuve : les meilleures critiques des \u00e9l\u00e8ves participants qui savent nous donner envie de lire des livres.<\/p>\n<p>Un action de l&rsquo;association \u00e7\u00e0 &amp; l\u00e0<\/p>\n<p>En partenariat avec le D\u00e9partement du Pas-de-Calais, la Communaut\u00e9 d&rsquo;agglom\u00e9ration du Boulonnais.<\/p>\n<p>Avec le soutien de la Fondation Engagement M\u00e9dias Jeunes et de la Fondation Reflets d&rsquo;Opale<\/p>\n<p>Et la complicit\u00e9 de la Compagnie Onimagine<\/p>\n","protected":false},"excerpt":{"rendered":"<p><img loading=\"lazy\" decoding=\"async\" class=\"alignnone size-medium wp-image-144\" src=\"http:\/\/sagittaire-editions.fr\/wp-content\/uploads\/2024\/10\/revue_PSB_2025_MaquetteEnCours-1-211x300.png\" alt=\"\" width=\"211\" height=\"300\" srcset=\"http:\/\/sagittaire-editions.fr\/wp-content\/uploads\/2024\/10\/revue_PSB_2025_MaquetteEnCours-1-211x300.png 211w, http:\/\/sagittaire-editions.fr\/wp-content\/uploads\/2024\/10\/revue_PSB_2025_MaquetteEnCours-1-721x1024.png 721w, http:\/\/sagittaire-editions.fr\/wp-content\/uploads\/2024\/10\/revue_PSB_2025_MaquetteEnCours-1-768x1091.png 768w, http:\/\/sagittaire-editions.fr\/wp-content\/uploads\/2024\/10\/revue_PSB_2025_MaquetteEnCours-1-1081x1536.png 1081w, http:\/\/sagittaire-editions.fr\/wp-content\/uploads\/2024\/10\/revue_PSB_2025_MaquetteEnCours-1-1442x2048.png 1442w, http:\/\/sagittaire-editions.fr\/wp-content\/uploads\/2024\/10\/revue_PSB_2025_MaquetteEnCours-1-600x852.png 600w, http:\/\/sagittaire-editions.fr\/wp-content\/uploads\/2024\/10\/revue_PSB_2025_MaquetteEnCours-1.png 1639w\" sizes=\"auto, (max-width: 211px) 100vw, 211px\" \/><img loading=\"lazy\" decoding=\"async\" class=\"alignnone size-medium wp-image-127\" src=\"http:\/\/sagittaire-editions.fr\/wp-content\/uploads\/2024\/10\/RevuePSB2024-e1729417798907-210x300.jpg\" alt=\"\" width=\"210\" height=\"300\" srcset=\"http:\/\/sagittaire-editions.fr\/wp-content\/uploads\/2024\/10\/RevuePSB2024-e1729417798907-210x300.jpg 210w, http:\/\/sagittaire-editions.fr\/wp-content\/uploads\/2024\/10\/RevuePSB2024-e1729417798907-717x1024.jpg 717w, http:\/\/sagittaire-editions.fr\/wp-content\/uploads\/2024\/10\/RevuePSB2024-e1729417798907-768x1096.jpg 768w, http:\/\/sagittaire-editions.fr\/wp-content\/uploads\/2024\/10\/RevuePSB2024-e1729417798907-1076x1536.jpg 1076w, http:\/\/sagittaire-editions.fr\/wp-content\/uploads\/2024\/10\/RevuePSB2024-e1729417798907-600x856.jpg 600w, http:\/\/sagittaire-editions.fr\/wp-content\/uploads\/2024\/10\/RevuePSB2024-e1729417798907.jpg 1156w\" sizes=\"auto, (max-width: 210px) 100vw, 210px\" \/><img loading=\"lazy\" decoding=\"async\" class=\"alignnone size-medium wp-image-115\" src=\"http:\/\/sagittaire-editions.fr\/wp-content\/uploads\/2023\/06\/REVUE23-211x300.jpg\" alt=\"\" width=\"211\" height=\"300\" srcset=\"http:\/\/sagittaire-editions.fr\/wp-content\/uploads\/2023\/06\/REVUE23-211x300.jpg 211w, http:\/\/sagittaire-editions.fr\/wp-content\/uploads\/2023\/06\/REVUE23-722x1024.jpg 722w, http:\/\/sagittaire-editions.fr\/wp-content\/uploads\/2023\/06\/REVUE23-768x1090.jpg 768w, http:\/\/sagittaire-editions.fr\/wp-content\/uploads\/2023\/06\/REVUE23-600x851.jpg 600w, http:\/\/sagittaire-editions.fr\/wp-content\/uploads\/2023\/06\/REVUE23.jpg 874w\" sizes=\"auto, (max-width: 211px) 100vw, 211px\" \/><img loading=\"lazy\" decoding=\"async\" class=\"alignnone size-medium wp-image-108\" src=\"http:\/\/sagittaire-editions.fr\/wp-content\/uploads\/2022\/05\/Revue2022-212x300.jpg\" alt=\"\" width=\"212\" height=\"300\" srcset=\"http:\/\/sagittaire-editions.fr\/wp-content\/uploads\/2022\/05\/Revue2022-212x300.jpg 212w, http:\/\/sagittaire-editions.fr\/wp-content\/uploads\/2022\/05\/Revue2022-724x1024.jpg 724w, http:\/\/sagittaire-editions.fr\/wp-content\/uploads\/2022\/05\/Revue2022-768x1086.jpg 768w, http:\/\/sagittaire-editions.fr\/wp-content\/uploads\/2022\/05\/Revue2022-1086x1536.jpg 1086w, http:\/\/sagittaire-editions.fr\/wp-content\/uploads\/2022\/05\/Revue2022-600x849.jpg 600w, http:\/\/sagittaire-editions.fr\/wp-content\/uploads\/2022\/05\/Revue2022.jpg 1240w\" sizes=\"auto, (max-width: 212px) 100vw, 212px\" \/><img loading=\"lazy\" decoding=\"async\" class=\"alignnone size-medium wp-image-86\" src=\"http:\/\/sagittaire-editions.fr\/wp-content\/uploads\/2021\/01\/Couv-PSB-2021-Page-01-Snapshot-01-225x300.png\" alt=\"\" width=\"225\" height=\"300\" srcset=\"http:\/\/sagittaire-editions.fr\/wp-content\/uploads\/2021\/01\/Couv-PSB-2021-Page-01-Snapshot-01-225x300.png 225w, http:\/\/sagittaire-editions.fr\/wp-content\/uploads\/2021\/01\/Couv-PSB-2021-Page-01-Snapshot-01-600x800.png 600w, http:\/\/sagittaire-editions.fr\/wp-content\/uploads\/2021\/01\/Couv-PSB-2021-Page-01-Snapshot-01.png 616w\" sizes=\"auto, (max-width: 225px) 100vw, 225px\" \/><img loading=\"lazy\" decoding=\"async\" class=\"alignnone size-medium wp-image-78\" src=\"http:\/\/sagittaire-editions.fr\/wp-content\/uploads\/2020\/03\/CouvRevuePSB-2020-2015-207x300.jpg\" alt=\"\" width=\"207\" height=\"300\" srcset=\"http:\/\/sagittaire-editions.fr\/wp-content\/uploads\/2020\/03\/CouvRevuePSB-2020-2015-207x300.jpg 207w, http:\/\/sagittaire-editions.fr\/wp-content\/uploads\/2020\/03\/CouvRevuePSB-2020-2015-707x1024.jpg 707w, http:\/\/sagittaire-editions.fr\/wp-content\/uploads\/2020\/03\/CouvRevuePSB-2020-2015-768x1112.jpg 768w, http:\/\/sagittaire-editions.fr\/wp-content\/uploads\/2020\/03\/CouvRevuePSB-2020-2015-1061x1536.jpg 1061w, http:\/\/sagittaire-editions.fr\/wp-content\/uploads\/2020\/03\/CouvRevuePSB-2020-2015-1414x2048.jpg 1414w, http:\/\/sagittaire-editions.fr\/wp-content\/uploads\/2020\/03\/CouvRevuePSB-2020-2015-600x869.jpg 600w, http:\/\/sagittaire-editions.fr\/wp-content\/uploads\/2020\/03\/CouvRevuePSB-2020-2015-scaled.jpg 1768w\" sizes=\"auto, (max-width: 207px) 100vw, 207px\" \/><\/p>\n","protected":false},"featured_media":0,"comment_status":"open","ping_status":"closed","template":"","meta":{"spay_email":""},"class_list":{"0":"post-128","1":"product","2":"type-product","3":"status-publish","5":"product_cat-non-classe","7":"first","8":"instock","9":"shipping-taxable","10":"purchasable","11":"product-type-simple"},"_links":{"self":[{"href":"http:\/\/sagittaire-editions.fr\/index.php?rest_route=\/wp\/v2\/product\/128","targetHints":{"allow":["GET"]}}],"collection":[{"href":"http:\/\/sagittaire-editions.fr\/index.php?rest_route=\/wp\/v2\/product"}],"about":[{"href":"http:\/\/sagittaire-editions.fr\/index.php?rest_route=\/wp\/v2\/types\/product"}],"replies":[{"embeddable":true,"href":"http:\/\/sagittaire-editions.fr\/index.php?rest_route=%2Fwp%2Fv2%2Fcomments&post=128"}],"wp:attachment":[{"href":"http:\/\/sagittaire-editions.fr\/index.php?rest_route=%2Fwp%2Fv2%2Fmedia&parent=128"}],"curies":[{"name":"wp","href":"https:\/\/api.w.org\/{rel}","templated":true}]}}