{"id":121,"date":"2023-12-23T16:37:00","date_gmt":"2023-12-23T16:37:00","guid":{"rendered":"http:\/\/sagittaire-editions.fr\/?post_type=product&#038;p=121"},"modified":"2023-12-23T16:40:53","modified_gmt":"2023-12-23T16:40:53","slug":"la-raison-de-sa-colere-isabelle-muge","status":"publish","type":"product","link":"http:\/\/sagittaire-editions.fr\/?product=la-raison-de-sa-colere-isabelle-muge","title":{"rendered":"Les Raisons de sa col\u00e8re &#8211; Isabelle Muge"},"content":{"rendered":"<p><span id=\"resume\"><img loading=\"lazy\" decoding=\"async\" class=\"alignnone size-medium wp-image-122\" src=\"http:\/\/sagittaire-editions.fr\/wp-content\/uploads\/2023\/12\/Raison1ereCouv-162x300.jpg\" alt=\"\" width=\"162\" height=\"300\" srcset=\"http:\/\/sagittaire-editions.fr\/wp-content\/uploads\/2023\/12\/Raison1ereCouv-162x300.jpg 162w, http:\/\/sagittaire-editions.fr\/wp-content\/uploads\/2023\/12\/Raison1ereCouv-553x1024.jpg 553w, http:\/\/sagittaire-editions.fr\/wp-content\/uploads\/2023\/12\/Raison1ereCouv-768x1422.jpg 768w, http:\/\/sagittaire-editions.fr\/wp-content\/uploads\/2023\/12\/Raison1ereCouv-829x1536.jpg 829w, http:\/\/sagittaire-editions.fr\/wp-content\/uploads\/2023\/12\/Raison1ereCouv-1106x2048.jpg 1106w, http:\/\/sagittaire-editions.fr\/wp-content\/uploads\/2023\/12\/Raison1ereCouv-600x1111.jpg 600w, http:\/\/sagittaire-editions.fr\/wp-content\/uploads\/2023\/12\/Raison1ereCouv.jpg 1376w\" sizes=\"auto, (max-width: 162px) 100vw, 162px\" \/>En 1938, une jeune auteure et journaliste Sanora Babb accepte un travail dans un camp pour migrants de Californie. Elle se sent proche de ces fermiers venus de l&rsquo;Oklahoma et ruin\u00e9s par une d\u00e9cennie de temp\u00eates de poussi\u00e8re. Elle a pass\u00e9 son enfance parmi eux. Elle prend des notes tr\u00e8s d\u00e9taill\u00e9es sur la vie de ces migrants et r\u00e9dige un roman, qu\u2019un \u00e9diteur de renom accepte de publier. Elle ignore qu\u2019entretemps, le directeur du camp, Tom Collins, son patron, a donn\u00e9 ses notes et anecdotes v\u00e9cues, \u00e0 son insu, \u00e0 un visiteur c\u00e9l\u00e8bre\u00a0: John Steinbeck. Ce dernier s\u2019en servira pour \u00e9crire Les Raisins de la Col\u00e8re qui lui vaudra prix Pulitzer et Prix Nobel. A la sortie du livre de Steinbeck, l\u2019\u00e9diteur de Sanora rompt son contrat. Le livre de Sanora, Those whose name are unknown, ne sera publi\u00e9 que 65 ans plus tard. Sanora a alors 97 ans. Cette pi\u00e8ce est l\u2019histoire de sa vie. Certains personnages et les dialogues sont fictifs, les faits r\u00e9els.<\/span><\/p>\n","protected":false},"excerpt":{"rendered":"<p><span id=\"resume\">En 1938, une jeune auteure et journaliste Sanora Babb accepte un travail dans un camp pour migrants de Californie. Elle se sent proche de ces fermiers venus de l&rsquo;Oklahoma et ruin\u00e9s par une d\u00e9cennie de temp\u00eates de poussi\u00e8re. Elle a pass\u00e9 son enfance parmi eux. Elle prend des notes tr\u00e8s d\u00e9taill\u00e9es sur la vie de ces migrants et r\u00e9dige un roman, qu\u2019un \u00e9diteur de renom accepte de publier. Elle ignore qu\u2019entretemps, le directeur du camp, Tom Collins, son patron, a donn\u00e9 ses notes et anecdotes v\u00e9cues, \u00e0 son insu, \u00e0 un visiteur c\u00e9l\u00e8bre : John Steinbeck. Ce dernier s\u2019en servira pour \u00e9crire Les Raisins de la Col\u00e8re qui lui vaudra prix Pulitzer et Prix Nobel. A la sortie du livre de Steinbeck, l\u2019\u00e9diteur de Sanora rompt son contrat. Le livre de Sanora, Those whose name are unknown, ne sera publi\u00e9 que 65 ans plus tard. Sanora a alors 97 ans. Cette pi\u00e8ce est l\u2019histoire de sa vie. Certains personnages et les dialogues sont fictifs, les faits r\u00e9els.<\/span><button><br \/>\n<\/button><\/p>\n","protected":false},"featured_media":122,"comment_status":"open","ping_status":"closed","template":"","meta":{"spay_email":""},"class_list":{"0":"post-121","1":"product","2":"type-product","3":"status-publish","4":"has-post-thumbnail","6":"product_cat-scenes","7":"product_shipping_class-livraison","9":"first","10":"instock","11":"shipping-taxable","12":"purchasable","13":"product-type-simple"},"_links":{"self":[{"href":"http:\/\/sagittaire-editions.fr\/index.php?rest_route=\/wp\/v2\/product\/121","targetHints":{"allow":["GET"]}}],"collection":[{"href":"http:\/\/sagittaire-editions.fr\/index.php?rest_route=\/wp\/v2\/product"}],"about":[{"href":"http:\/\/sagittaire-editions.fr\/index.php?rest_route=\/wp\/v2\/types\/product"}],"replies":[{"embeddable":true,"href":"http:\/\/sagittaire-editions.fr\/index.php?rest_route=%2Fwp%2Fv2%2Fcomments&post=121"}],"wp:featuredmedia":[{"embeddable":true,"href":"http:\/\/sagittaire-editions.fr\/index.php?rest_route=\/wp\/v2\/media\/122"}],"wp:attachment":[{"href":"http:\/\/sagittaire-editions.fr\/index.php?rest_route=%2Fwp%2Fv2%2Fmedia&parent=121"}],"curies":[{"name":"wp","href":"https:\/\/api.w.org\/{rel}","templated":true}]}}